{"id":186,"date":"2025-11-21T09:56:52","date_gmt":"2025-11-21T08:56:52","guid":{"rendered":"https:\/\/skawen.ch\/?page_id=186"},"modified":"2025-11-24T20:09:57","modified_gmt":"2025-11-24T19:09:57","slug":"skw-pool-hp","status":"publish","type":"page","link":"https:\/\/skawen.ch\/de\/skw-pool-hp\/","title":{"rendered":"SKW Pool \/ HP"},"content":{"rendered":"<p style=\"text-align: left;\"><strong>\u200bL\u00f6sungen zur W\u00e4rmer\u00fcckgewinnung<\/strong><\/p>\n<h2 style=\"text-align: left;\">SKW Pool \/ HP<\/h2>\n<p>\u200b<strong data-end=\"437\" data-start=\"355\">SKW-Pool und SKW Pool HP verwenden epoxidbeschichtete Aluminium-W\u00e4rmetauscher.<\/strong><\/p>\n<p data-end=\"636\" data-start=\"439\">Eine leistungs\u00adgesteuerte W\u00e4rmepumpe nutzt die latente und sensible Energie der Abluft und f\u00fchrt sie der Zuluft m\u00f6glichst effizient wieder zu \u2013 abgestimmt auf den Frischluftbedarf der Schwimmhalle.<\/p>\n<p data-end=\"827\" data-start=\"638\">Das Steuerprinzip sorgt daf\u00fcr, dass die Schwimmhalle <strong data-end=\"713\" data-start=\"691\">nur mit Frischluft<\/strong> betrieben wird.Dieses Prinzip reduziert die Menge an Nebenprodukten der Desinfektion in der Schwimmhallenluft.<\/p>\n<p data-end=\"1003\" data-start=\"829\">Das vollst\u00e4ndig einzigartige Composite-Geh\u00e4use gew\u00e4hrleistet die Langlebigkeit des Ger\u00e4ts auch unter den stark belastenden Bedingungen feuchter, chlorhaltiger Schwimmbadluft.<\/p>\n<p data-end=\"1117\" data-start=\"1005\"><strong data-end=\"1025\" data-start=\"1005\">Einsatzbereiche:<\/strong>Hospitalstandard, private Schwimmhallen, \u00f6ffentliche Schwimmb\u00e4der, Schwimmbad\u00adsanierungen<\/p>\n<p><span><img decoding=\"async\" alt=\"\" data-id=\"210\" width=\"400\" data-init-width=\"400\" height=\"225\" data-init-height=\"225\" title=\"Skawen-products-Pool-HP-1-400x225\" loading=\"lazy\" src=\"https:\/\/skawen.ch\/de\/wp-content\/uploads\/2025\/11\/Skawen-products-Pool-HP-1-400x225-1.jpg\" data-width=\"400\" data-height=\"225\" style=\"aspect-ratio: auto 400 \/ 225;\"><\/span><\/p>\n<h2>\u200bVorteile<\/h2>\n<p data-end=\"261\" data-start=\"207\">Vorteile der Skawen-L\u00fcftungs- und Entfeuchtungsger\u00e4te:<\/p>\n<p data-end=\"481\" data-start=\"263\">\u2013 Energieeffizient und nachhaltig\u2013 Anpassbare Luftanschl\u00fcsse\u2013 Kosten\u00adeffiziente W\u00e4rmer\u00fcckgewinnungsoptionen\u2013 Effiziente W\u00e4rmer\u00fcckgewinnung\u2013 Innovatives und hygienisches Design\u2013 Platzsparend und kompakt<\/p>\n<p data-end=\"528\" data-start=\"483\"><strong data-end=\"528\" data-start=\"483\">Wir setzen Trends und inspirieren andere.<\/strong><\/p>\n<h3>\u200bHauptmerkmale<\/h3>\n<ul>\n<li data-end=\"656\" data-start=\"561\">\u200bUmluftbetrieb von Abluft und Zuluft mit gleichzeitiger konstanter Beimischung von Au\u00dfenluft<\/li>\n<li data-end=\"723\" data-start=\"658\">Steuerbare W\u00e4rmepumpe zur Energier\u00fcckgewinnung aus der Abluft<\/li>\n<li data-end=\"829\" data-start=\"725\">Variabler Au\u00dfenluftvolumenstrom zur Entfeuchtungbei konstantem R\u00fcckluft- und Zuluftvolumenstrom<\/li>\n<li data-end=\"866\" data-start=\"831\">Temperatur- und Feuchteregelung<\/li>\n<li data-end=\"950\" data-start=\"868\">Der Schaltschrank kann direkt am Ger\u00e4t oder extern an der Wand montiert werden<\/li>\n<\/ul>\n<h3>Optionen<\/h3>\n<ul>\n<li>\u200bMit Schwimmbad-Wasserkondensator<\/li>\n<li>Polypropylen-W\u00e4rmetauscher<\/li>\n<\/ul>\n<h3>\u200bHochwertiges Geh\u00e4use<\/h3>\n<ul>\n<li data-end=\"336\" data-start=\"278\">\u200bAkustisch isolierte Paneele f\u00fcr niedrige Ger\u00e4uschpegel<\/li>\n<li data-end=\"365\" data-start=\"338\">\u200bTB2, T2, L1 [M], D1 [M]<\/li>\n<li data-end=\"419\" data-start=\"367\">\u200bRobuste Konstruktion mit 30 % geringerem Gewicht<\/li>\n<li data-end=\"483\" data-start=\"421\">\u200bLuftkanalanschl\u00fcsse seitlich oder oben \u2014 vor Ort anpassbar<\/li>\n<\/ul>\n","protected":false},"excerpt":{"rendered":"<p>\u200bL\u00f6sungen zur W\u00e4rmer\u00fcckgewinnung SKW Pool \/ HP \u200bSKW-Pool und SKW Pool HP verwenden epoxidbeschichtete Aluminium-W\u00e4rmetauscher. Eine leistungs\u00adgesteuerte W\u00e4rmepumpe nutzt die latente und sensible Energie der Abluft und f\u00fchrt sie der Zuluft m\u00f6glichst effizient wieder zu \u2013 abgestimmt auf den Frischluftbedarf der Schwimmhalle. Das Steuerprinzip sorgt daf\u00fcr, dass die Schwimmhalle nur mit Frischluft betrieben wird.Dieses Prinzip [&hellip;]<\/p>\n","protected":false},"author":2,"featured_media":0,"parent":0,"menu_order":0,"comment_status":"closed","ping_status":"closed","template":"","meta":{"footnotes":""},"class_list":["post-186","page","type-page","status-publish","hentry","post-wrapper","thrv_wrapper"],"yoast_head":"<!-- This site is optimized with the Yoast SEO plugin v26.4 - https:\/\/yoast.com\/wordpress\/plugins\/seo\/ -->\n<title>SKW Pool HP \u2013 Premium Pooltechnik | Skawen Schweiz<\/title>\n<meta name=\"description\" content=\"SKW Pool HP: Premium-Technologie f\u00fcr Filtration, Entfeuchtung und Luftqualit\u00e4t. Professionelle Installation durch europair Schweiz AG.\" \/>\n<meta name=\"robots\" content=\"noindex, follow, max-snippet:-1, max-image-preview:large, max-video-preview:-1\" \/>\n<meta property=\"og:locale\" content=\"de_DE\" \/>\n<meta property=\"og:type\" content=\"article\" \/>\n<meta property=\"og:title\" content=\"SKW Pool HP \u2013 Premium Pooltechnik | Skawen Schweiz\" \/>\n<meta property=\"og:description\" content=\"SKW Pool HP: Premium-Technologie f\u00fcr Filtration, Entfeuchtung und Luftqualit\u00e4t. Professionelle Installation durch europair Schweiz AG.\" \/>\n<meta property=\"og:url\" content=\"https:\/\/skawen.ch\/de\/skw-pool-hp\/\" \/>\n<meta property=\"og:site_name\" content=\"Skawen.ch\" \/>\n<meta property=\"article:modified_time\" content=\"2025-11-24T19:09:57+00:00\" \/>\n<meta property=\"og:image\" content=\"https:\/\/skawen.ch\/de\/wp-content\/uploads\/2025\/11\/Skawen-products-Pool-HP-1-400x225-1.jpg\" \/>\n<meta name=\"twitter:card\" content=\"summary_large_image\" \/>\n<meta name=\"twitter:label1\" content=\"Gesch\u00e4tzte Lesezeit\" \/>\n\t<meta name=\"twitter:data1\" content=\"2\u00a0Minuten\" \/>\n<script type=\"application\/ld+json\" class=\"yoast-schema-graph\">{\"@context\":\"https:\/\/schema.org\",\"@graph\":[{\"@type\":\"WebPage\",\"@id\":\"https:\/\/skawen.ch\/de\/skw-pool-hp\/\",\"url\":\"https:\/\/skawen.ch\/de\/skw-pool-hp\/\",\"name\":\"SKW Pool HP \u2013 Premium Pooltechnik | Skawen Schweiz\",\"isPartOf\":{\"@id\":\"https:\/\/skawen.ch\/de\/#website\"},\"primaryImageOfPage\":{\"@id\":\"https:\/\/skawen.ch\/de\/skw-pool-hp\/#primaryimage\"},\"image\":{\"@id\":\"https:\/\/skawen.ch\/de\/skw-pool-hp\/#primaryimage\"},\"thumbnailUrl\":\"https:\/\/skawen.ch\/de\/wp-content\/uploads\/2025\/11\/Skawen-products-Pool-HP-1-400x225-1.jpg\",\"datePublished\":\"2025-11-21T08:56:52+00:00\",\"dateModified\":\"2025-11-24T19:09:57+00:00\",\"description\":\"SKW Pool HP: Premium-Technologie f\u00fcr Filtration, Entfeuchtung und Luftqualit\u00e4t. Professionelle Installation durch europair Schweiz AG.\",\"breadcrumb\":{\"@id\":\"https:\/\/skawen.ch\/de\/skw-pool-hp\/#breadcrumb\"},\"inLanguage\":\"de\",\"potentialAction\":[{\"@type\":\"ReadAction\",\"target\":[\"https:\/\/skawen.ch\/de\/skw-pool-hp\/\"]}]},{\"@type\":\"ImageObject\",\"inLanguage\":\"de\",\"@id\":\"https:\/\/skawen.ch\/de\/skw-pool-hp\/#primaryimage\",\"url\":\"https:\/\/skawen.ch\/de\/wp-content\/uploads\/2025\/11\/Skawen-products-Pool-HP-1-400x225-1.jpg\",\"contentUrl\":\"https:\/\/skawen.ch\/de\/wp-content\/uploads\/2025\/11\/Skawen-products-Pool-HP-1-400x225-1.jpg\",\"width\":400,\"height\":225},{\"@type\":\"BreadcrumbList\",\"@id\":\"https:\/\/skawen.ch\/de\/skw-pool-hp\/#breadcrumb\",\"itemListElement\":[{\"@type\":\"ListItem\",\"position\":1,\"name\":\"Startseite\",\"item\":\"https:\/\/skawen.ch\/de\/\"},{\"@type\":\"ListItem\",\"position\":2,\"name\":\"SKW Pool \/ HP\"}]},{\"@type\":\"WebSite\",\"@id\":\"https:\/\/skawen.ch\/de\/#website\",\"url\":\"https:\/\/skawen.ch\/de\/\",\"name\":\"Skawen.ch\",\"description\":\"\",\"potentialAction\":[{\"@type\":\"SearchAction\",\"target\":{\"@type\":\"EntryPoint\",\"urlTemplate\":\"https:\/\/skawen.ch\/de\/?s={search_term_string}\"},\"query-input\":{\"@type\":\"PropertyValueSpecification\",\"valueRequired\":true,\"valueName\":\"search_term_string\"}}],\"inLanguage\":\"de\"}]}<\/script>\n<!-- \/ Yoast SEO plugin. -->","yoast_head_json":{"title":"SKW Pool HP \u2013 Premium Pooltechnik | Skawen Schweiz","description":"SKW Pool HP: Premium-Technologie f\u00fcr Filtration, Entfeuchtung und Luftqualit\u00e4t. Professionelle Installation durch europair Schweiz AG.","robots":{"index":"noindex","follow":"follow","max-snippet":"max-snippet:-1","max-image-preview":"max-image-preview:large","max-video-preview":"max-video-preview:-1"},"og_locale":"de_DE","og_type":"article","og_title":"SKW Pool HP \u2013 Premium Pooltechnik | Skawen Schweiz","og_description":"SKW Pool HP: Premium-Technologie f\u00fcr Filtration, Entfeuchtung und Luftqualit\u00e4t. Professionelle Installation durch europair Schweiz AG.","og_url":"https:\/\/skawen.ch\/de\/skw-pool-hp\/","og_site_name":"Skawen.ch","article_modified_time":"2025-11-24T19:09:57+00:00","og_image":[{"url":"https:\/\/skawen.ch\/de\/wp-content\/uploads\/2025\/11\/Skawen-products-Pool-HP-1-400x225-1.jpg","type":"","width":"","height":""}],"twitter_card":"summary_large_image","twitter_misc":{"Gesch\u00e4tzte Lesezeit":"2\u00a0Minuten"},"schema":{"@context":"https:\/\/schema.org","@graph":[{"@type":"WebPage","@id":"https:\/\/skawen.ch\/de\/skw-pool-hp\/","url":"https:\/\/skawen.ch\/de\/skw-pool-hp\/","name":"SKW Pool HP \u2013 Premium Pooltechnik | Skawen Schweiz","isPartOf":{"@id":"https:\/\/skawen.ch\/de\/#website"},"primaryImageOfPage":{"@id":"https:\/\/skawen.ch\/de\/skw-pool-hp\/#primaryimage"},"image":{"@id":"https:\/\/skawen.ch\/de\/skw-pool-hp\/#primaryimage"},"thumbnailUrl":"https:\/\/skawen.ch\/de\/wp-content\/uploads\/2025\/11\/Skawen-products-Pool-HP-1-400x225-1.jpg","datePublished":"2025-11-21T08:56:52+00:00","dateModified":"2025-11-24T19:09:57+00:00","description":"SKW Pool HP: Premium-Technologie f\u00fcr Filtration, Entfeuchtung und Luftqualit\u00e4t. Professionelle Installation durch europair Schweiz AG.","breadcrumb":{"@id":"https:\/\/skawen.ch\/de\/skw-pool-hp\/#breadcrumb"},"inLanguage":"de","potentialAction":[{"@type":"ReadAction","target":["https:\/\/skawen.ch\/de\/skw-pool-hp\/"]}]},{"@type":"ImageObject","inLanguage":"de","@id":"https:\/\/skawen.ch\/de\/skw-pool-hp\/#primaryimage","url":"https:\/\/skawen.ch\/de\/wp-content\/uploads\/2025\/11\/Skawen-products-Pool-HP-1-400x225-1.jpg","contentUrl":"https:\/\/skawen.ch\/de\/wp-content\/uploads\/2025\/11\/Skawen-products-Pool-HP-1-400x225-1.jpg","width":400,"height":225},{"@type":"BreadcrumbList","@id":"https:\/\/skawen.ch\/de\/skw-pool-hp\/#breadcrumb","itemListElement":[{"@type":"ListItem","position":1,"name":"Startseite","item":"https:\/\/skawen.ch\/de\/"},{"@type":"ListItem","position":2,"name":"SKW Pool \/ HP"}]},{"@type":"WebSite","@id":"https:\/\/skawen.ch\/de\/#website","url":"https:\/\/skawen.ch\/de\/","name":"Skawen.ch","description":"","potentialAction":[{"@type":"SearchAction","target":{"@type":"EntryPoint","urlTemplate":"https:\/\/skawen.ch\/de\/?s={search_term_string}"},"query-input":{"@type":"PropertyValueSpecification","valueRequired":true,"valueName":"search_term_string"}}],"inLanguage":"de"}]}},"_links":{"self":[{"href":"https:\/\/skawen.ch\/de\/wp-json\/wp\/v2\/pages\/186","targetHints":{"allow":["GET"]}}],"collection":[{"href":"https:\/\/skawen.ch\/de\/wp-json\/wp\/v2\/pages"}],"about":[{"href":"https:\/\/skawen.ch\/de\/wp-json\/wp\/v2\/types\/page"}],"author":[{"embeddable":true,"href":"https:\/\/skawen.ch\/de\/wp-json\/wp\/v2\/users\/2"}],"replies":[{"embeddable":true,"href":"https:\/\/skawen.ch\/de\/wp-json\/wp\/v2\/comments?post=186"}],"version-history":[{"count":6,"href":"https:\/\/skawen.ch\/de\/wp-json\/wp\/v2\/pages\/186\/revisions"}],"predecessor-version":[{"id":259,"href":"https:\/\/skawen.ch\/de\/wp-json\/wp\/v2\/pages\/186\/revisions\/259"}],"wp:attachment":[{"href":"https:\/\/skawen.ch\/de\/wp-json\/wp\/v2\/media?parent=186"}],"curies":[{"name":"wp","href":"https:\/\/api.w.org\/{rel}","templated":true}]}}