{"id":189,"date":"2025-11-21T09:58:20","date_gmt":"2025-11-21T08:58:20","guid":{"rendered":"https:\/\/skawen.ch\/?page_id=189"},"modified":"2025-11-24T20:16:56","modified_gmt":"2025-11-24T19:16:56","slug":"skw-compact","status":"publish","type":"page","link":"https:\/\/skawen.ch\/de\/skw-compact\/","title":{"rendered":"SKW Compact"},"content":{"rendered":"<p style=\"text-align: left;\"><strong>\u200bGenerative L\u00f6sungen<\/strong><\/p>\n<h2 style=\"text-align: left;\">SKW Compact<\/h2>\n<p>\u200bDie SKW Compact Einheit ist so konzipiert, dass sie als <strong data-end=\"417\" data-start=\"378\">installationsfertiges Komplettpaket<\/strong> geliefert wird.Auf Wunsch kann die Einheit auch <strong data-end=\"480\" data-start=\"469\">geteilt<\/strong> werden, um sie direkt am Einsatzort zu montieren.<\/p>\n<p data-end=\"852\" data-start=\"532\">Die Einheit ist f\u00fcr eine <strong data-end=\"594\" data-start=\"557\">hohe W\u00e4rmer\u00fcckgewinnungseffizienz<\/strong> von bis zu <strong data-end=\"614\" data-start=\"606\">90 %<\/strong> ausgelegt \u2013 bei gleichzeitig <strong data-end=\"670\" data-start=\"644\">minimalem Druckverlust<\/strong>.Compact-Modelle sind bis <strong data-end=\"712\" data-start=\"699\">5000 m\u00b3\/h<\/strong> erh\u00e4ltlich (gr\u00f6\u00dfere auf Anfrage).Das Gegenstromprinzip kann in unterschiedlichen Kategorien gew\u00e4hlt werden, je nach Bedingungen vor Ort.<\/p>\n<p data-end=\"1015\" data-start=\"854\">Standard-Gegenstromw\u00e4rmetauscher bestehen aus Aluminium.Spezielle Ausf\u00fchrungen k\u00f6nnen mit <strong data-end=\"961\" data-start=\"947\">Nano-Folie<\/strong> f\u00fcr latente Energier\u00fcckgewinnung ausgestattet werden.<\/p>\n<p data-end=\"1216\" data-start=\"1017\">F\u00fcr den Einsatz in Schwimmb\u00e4dern wird das System mit einem <strong data-end=\"1125\" data-start=\"1076\">epoxidbeschichteten W\u00e4rmer\u00fcckgewinnungssystem<\/strong> ausgestattet.SKW Compact Pool verwendet <strong data-end=\"1215\" data-start=\"1169\">epoxidbeschichtete Aluminium-W\u00e4rmetauscher<\/strong>.<\/p>\n<p data-end=\"1296\" data-start=\"1218\"><strong data-end=\"1238\" data-start=\"1218\">Einsatzbereiche:<\/strong>Private Pools, Einfamilienh\u00e4user, kleine Gewerbeobjekte<\/p>\n<p><span><img decoding=\"async\" alt=\"\" data-id=\"211\" width=\"400\" data-init-width=\"400\" height=\"225\" data-init-height=\"225\" title=\"skawen-skw-comppoolhp-400x225\" loading=\"lazy\" src=\"https:\/\/skawen.ch\/de\/wp-content\/uploads\/2025\/11\/skawen-skw-comppoolhp-400x225-1.png\" data-width=\"400\" data-height=\"225\" style=\"aspect-ratio: auto 400 \/ 225;\"><\/span><\/p>\n<h2>\u200bVorteile<\/h2>\n<p data-end=\"225\" data-start=\"137\">Vorteile der L\u00fcftungs- und Entfeuchtungsger\u00e4te von <strong data-end=\"198\" data-start=\"188\">Skawen<\/strong> f\u00fcr den Schwimmbadkomfort:<\/p>\n<p data-end=\"445\" data-start=\"227\">\u2013 Energieeffizient und nachhaltig\u2013 Anpassbare Luftanschl\u00fcsse\u2013 Kosten\u00adeffiziente W\u00e4rmer\u00fcckgewinnung\u2013 Effiziente W\u00e4rmer\u00fcckgewinnungsoptionen\u2013 Innovatives und hygienisches Design\u2013 Platzsparend und kompakt<\/p>\n<p data-end=\"488\" data-start=\"447\">Wir setzen Trends und inspirieren andere.<\/p>\n<h3>Hauptmerkmale<\/h3>\n<ul>\n<li>\u200b<strong data-end=\"536\" data-start=\"519\">Umluftbetrieb<\/strong> von Abluft und Zuluft mit gleichzeitiger, konstanter Beimischung von Au\u00dfenluft<\/li>\n<li>\u200b<strong data-end=\"645\" data-start=\"621\">Regelbare W\u00e4rmepumpe<\/strong> zur Energier\u00fcckgewinnung aus der Abluft<\/li>\n<li>\u200b<strong data-end=\"719\" data-start=\"691\">Variable Au\u00dfenluftmengen<\/strong> f\u00fcr die <strong data-end=\"744\" data-start=\"728\">Entfeuchtung<\/strong>, bei gleichzeitig konstanter Ab- und Zuluftmenge<\/li>\n<li>\u200b<strong data-end=\"815\" data-start=\"799\">Heizregister<\/strong> zum Aufheizen der Zuluft bei geringem Luftstrom und niedrigen R\u00fccklauftemperaturen<\/li>\n<li>\u200b<strong data-end=\"942\" data-start=\"904\">Temperatur- und Feuchteregulierung<\/strong><\/li>\n<li>\u200bDer <strong data-end=\"969\" data-start=\"952\">Steuerschrank<\/strong> kann direkt am Ger\u00e4t oder extern an der Wand montiert werden.<\/li>\n<\/ul>\n<h3>Optionen<\/h3>\n<ul>\n<li>\u200bMit <strong data-end=\"1087\" data-start=\"1061\">Pool-Wasserkondensator<\/strong><\/li>\n<li>\u200b<strong data-end=\"1120\" data-start=\"1092\">Kunststoff-W\u00e4rmetauscher<\/strong><\/li>\n<\/ul>\n<h3>\u200bGeh\u00e4use in hoher Qualit\u00e4t<\/h3>\n<ul>\n<li data-end=\"213\" data-start=\"155\">Akustisch isolierte Paneele f\u00fcr niedrige Ger\u00e4uschpegel<\/li>\n<li data-end=\"241\" data-start=\"214\">TB2, T2, L1 [M], D1 [M]<\/li>\n<li data-end=\"282\" data-start=\"242\">Robust konstruiert und 30 % leichter<\/li>\n<li data-end=\"344\" data-start=\"283\">Luftkanalanschl\u00fcsse seitlich oder oben, vor Ort anpassbar<\/li>\n<\/ul>\n","protected":false},"excerpt":{"rendered":"<p>\u200bGenerative L\u00f6sungen SKW Compact \u200bDie SKW Compact Einheit ist so konzipiert, dass sie als installationsfertiges Komplettpaket geliefert wird.Auf Wunsch kann die Einheit auch geteilt werden, um sie direkt am Einsatzort zu montieren. Die Einheit ist f\u00fcr eine hohe W\u00e4rmer\u00fcckgewinnungseffizienz von bis zu 90 % ausgelegt \u2013 bei gleichzeitig minimalem Druckverlust.Compact-Modelle sind bis 5000 m\u00b3\/h erh\u00e4ltlich [&hellip;]<\/p>\n","protected":false},"author":2,"featured_media":0,"parent":0,"menu_order":0,"comment_status":"closed","ping_status":"closed","template":"","meta":{"footnotes":""},"class_list":["post-189","page","type-page","status-publish","hentry","post-wrapper","thrv_wrapper"],"yoast_head":"<!-- This site is optimized with the Yoast SEO plugin v26.4 - https:\/\/yoast.com\/wordpress\/plugins\/seo\/ -->\n<title>SKW Compact \u2013 Kompakte Pooll\u00f6sung | Skawen Schweiz<\/title>\n<meta name=\"description\" content=\"Entdecken Sie das kompakte Skawen SKW Compact System f\u00fcr effiziente W\u00e4rmer\u00fcckgewinnung und Wasseraufbereitung. Installation durch europair Schweiz AG.\" \/>\n<meta name=\"robots\" content=\"noindex, follow, max-snippet:-1, max-image-preview:large, max-video-preview:-1\" \/>\n<meta property=\"og:locale\" content=\"de_DE\" \/>\n<meta property=\"og:type\" content=\"article\" \/>\n<meta property=\"og:title\" content=\"SKW Compact \u2013 Kompakte Pooll\u00f6sung | Skawen Schweiz\" \/>\n<meta property=\"og:description\" content=\"Entdecken Sie das kompakte Skawen SKW Compact System f\u00fcr effiziente W\u00e4rmer\u00fcckgewinnung und Wasseraufbereitung. Installation durch europair Schweiz AG.\" \/>\n<meta property=\"og:url\" content=\"https:\/\/skawen.ch\/de\/skw-compact\/\" \/>\n<meta property=\"og:site_name\" content=\"Skawen.ch\" \/>\n<meta property=\"article:modified_time\" content=\"2025-11-24T19:16:56+00:00\" \/>\n<meta property=\"og:image\" content=\"https:\/\/skawen.ch\/de\/wp-content\/uploads\/2025\/11\/skawen-skw-comppoolhp-400x225-1.png\" \/>\n<meta name=\"twitter:card\" content=\"summary_large_image\" \/>\n<meta name=\"twitter:label1\" content=\"Gesch\u00e4tzte Lesezeit\" \/>\n\t<meta name=\"twitter:data1\" content=\"2\u00a0Minuten\" \/>\n<script type=\"application\/ld+json\" class=\"yoast-schema-graph\">{\"@context\":\"https:\/\/schema.org\",\"@graph\":[{\"@type\":\"WebPage\",\"@id\":\"https:\/\/skawen.ch\/de\/skw-compact\/\",\"url\":\"https:\/\/skawen.ch\/de\/skw-compact\/\",\"name\":\"SKW Compact \u2013 Kompakte Pooll\u00f6sung | Skawen Schweiz\",\"isPartOf\":{\"@id\":\"https:\/\/skawen.ch\/de\/#website\"},\"primaryImageOfPage\":{\"@id\":\"https:\/\/skawen.ch\/de\/skw-compact\/#primaryimage\"},\"image\":{\"@id\":\"https:\/\/skawen.ch\/de\/skw-compact\/#primaryimage\"},\"thumbnailUrl\":\"https:\/\/skawen.ch\/de\/wp-content\/uploads\/2025\/11\/skawen-skw-comppoolhp-400x225-1.png\",\"datePublished\":\"2025-11-21T08:58:20+00:00\",\"dateModified\":\"2025-11-24T19:16:56+00:00\",\"description\":\"Entdecken Sie das kompakte Skawen SKW Compact System f\u00fcr effiziente W\u00e4rmer\u00fcckgewinnung und Wasseraufbereitung. Installation durch europair Schweiz AG.\",\"breadcrumb\":{\"@id\":\"https:\/\/skawen.ch\/de\/skw-compact\/#breadcrumb\"},\"inLanguage\":\"de\",\"potentialAction\":[{\"@type\":\"ReadAction\",\"target\":[\"https:\/\/skawen.ch\/de\/skw-compact\/\"]}]},{\"@type\":\"ImageObject\",\"inLanguage\":\"de\",\"@id\":\"https:\/\/skawen.ch\/de\/skw-compact\/#primaryimage\",\"url\":\"https:\/\/skawen.ch\/de\/wp-content\/uploads\/2025\/11\/skawen-skw-comppoolhp-400x225-1.png\",\"contentUrl\":\"https:\/\/skawen.ch\/de\/wp-content\/uploads\/2025\/11\/skawen-skw-comppoolhp-400x225-1.png\",\"width\":400,\"height\":225},{\"@type\":\"BreadcrumbList\",\"@id\":\"https:\/\/skawen.ch\/de\/skw-compact\/#breadcrumb\",\"itemListElement\":[{\"@type\":\"ListItem\",\"position\":1,\"name\":\"Startseite\",\"item\":\"https:\/\/skawen.ch\/de\/\"},{\"@type\":\"ListItem\",\"position\":2,\"name\":\"SKW Compact\"}]},{\"@type\":\"WebSite\",\"@id\":\"https:\/\/skawen.ch\/de\/#website\",\"url\":\"https:\/\/skawen.ch\/de\/\",\"name\":\"Skawen.ch\",\"description\":\"\",\"potentialAction\":[{\"@type\":\"SearchAction\",\"target\":{\"@type\":\"EntryPoint\",\"urlTemplate\":\"https:\/\/skawen.ch\/de\/?s={search_term_string}\"},\"query-input\":{\"@type\":\"PropertyValueSpecification\",\"valueRequired\":true,\"valueName\":\"search_term_string\"}}],\"inLanguage\":\"de\"}]}<\/script>\n<!-- \/ Yoast SEO plugin. -->","yoast_head_json":{"title":"SKW Compact \u2013 Kompakte Pooll\u00f6sung | Skawen Schweiz","description":"Entdecken Sie das kompakte Skawen SKW Compact System f\u00fcr effiziente W\u00e4rmer\u00fcckgewinnung und Wasseraufbereitung. Installation durch europair Schweiz AG.","robots":{"index":"noindex","follow":"follow","max-snippet":"max-snippet:-1","max-image-preview":"max-image-preview:large","max-video-preview":"max-video-preview:-1"},"og_locale":"de_DE","og_type":"article","og_title":"SKW Compact \u2013 Kompakte Pooll\u00f6sung | Skawen Schweiz","og_description":"Entdecken Sie das kompakte Skawen SKW Compact System f\u00fcr effiziente W\u00e4rmer\u00fcckgewinnung und Wasseraufbereitung. Installation durch europair Schweiz AG.","og_url":"https:\/\/skawen.ch\/de\/skw-compact\/","og_site_name":"Skawen.ch","article_modified_time":"2025-11-24T19:16:56+00:00","og_image":[{"url":"https:\/\/skawen.ch\/de\/wp-content\/uploads\/2025\/11\/skawen-skw-comppoolhp-400x225-1.png","type":"","width":"","height":""}],"twitter_card":"summary_large_image","twitter_misc":{"Gesch\u00e4tzte Lesezeit":"2\u00a0Minuten"},"schema":{"@context":"https:\/\/schema.org","@graph":[{"@type":"WebPage","@id":"https:\/\/skawen.ch\/de\/skw-compact\/","url":"https:\/\/skawen.ch\/de\/skw-compact\/","name":"SKW Compact \u2013 Kompakte Pooll\u00f6sung | Skawen Schweiz","isPartOf":{"@id":"https:\/\/skawen.ch\/de\/#website"},"primaryImageOfPage":{"@id":"https:\/\/skawen.ch\/de\/skw-compact\/#primaryimage"},"image":{"@id":"https:\/\/skawen.ch\/de\/skw-compact\/#primaryimage"},"thumbnailUrl":"https:\/\/skawen.ch\/de\/wp-content\/uploads\/2025\/11\/skawen-skw-comppoolhp-400x225-1.png","datePublished":"2025-11-21T08:58:20+00:00","dateModified":"2025-11-24T19:16:56+00:00","description":"Entdecken Sie das kompakte Skawen SKW Compact System f\u00fcr effiziente W\u00e4rmer\u00fcckgewinnung und Wasseraufbereitung. Installation durch europair Schweiz AG.","breadcrumb":{"@id":"https:\/\/skawen.ch\/de\/skw-compact\/#breadcrumb"},"inLanguage":"de","potentialAction":[{"@type":"ReadAction","target":["https:\/\/skawen.ch\/de\/skw-compact\/"]}]},{"@type":"ImageObject","inLanguage":"de","@id":"https:\/\/skawen.ch\/de\/skw-compact\/#primaryimage","url":"https:\/\/skawen.ch\/de\/wp-content\/uploads\/2025\/11\/skawen-skw-comppoolhp-400x225-1.png","contentUrl":"https:\/\/skawen.ch\/de\/wp-content\/uploads\/2025\/11\/skawen-skw-comppoolhp-400x225-1.png","width":400,"height":225},{"@type":"BreadcrumbList","@id":"https:\/\/skawen.ch\/de\/skw-compact\/#breadcrumb","itemListElement":[{"@type":"ListItem","position":1,"name":"Startseite","item":"https:\/\/skawen.ch\/de\/"},{"@type":"ListItem","position":2,"name":"SKW Compact"}]},{"@type":"WebSite","@id":"https:\/\/skawen.ch\/de\/#website","url":"https:\/\/skawen.ch\/de\/","name":"Skawen.ch","description":"","potentialAction":[{"@type":"SearchAction","target":{"@type":"EntryPoint","urlTemplate":"https:\/\/skawen.ch\/de\/?s={search_term_string}"},"query-input":{"@type":"PropertyValueSpecification","valueRequired":true,"valueName":"search_term_string"}}],"inLanguage":"de"}]}},"_links":{"self":[{"href":"https:\/\/skawen.ch\/de\/wp-json\/wp\/v2\/pages\/189","targetHints":{"allow":["GET"]}}],"collection":[{"href":"https:\/\/skawen.ch\/de\/wp-json\/wp\/v2\/pages"}],"about":[{"href":"https:\/\/skawen.ch\/de\/wp-json\/wp\/v2\/types\/page"}],"author":[{"embeddable":true,"href":"https:\/\/skawen.ch\/de\/wp-json\/wp\/v2\/users\/2"}],"replies":[{"embeddable":true,"href":"https:\/\/skawen.ch\/de\/wp-json\/wp\/v2\/comments?post=189"}],"version-history":[{"count":6,"href":"https:\/\/skawen.ch\/de\/wp-json\/wp\/v2\/pages\/189\/revisions"}],"predecessor-version":[{"id":260,"href":"https:\/\/skawen.ch\/de\/wp-json\/wp\/v2\/pages\/189\/revisions\/260"}],"wp:attachment":[{"href":"https:\/\/skawen.ch\/de\/wp-json\/wp\/v2\/media?parent=189"}],"curies":[{"name":"wp","href":"https:\/\/api.w.org\/{rel}","templated":true}]}}