{"id":63,"date":"2020-05-21T09:19:34","date_gmt":"2020-05-21T09:19:34","guid":{"rendered":"https:\/\/skawen.ch\/?page_id=63"},"modified":"2025-11-24T20:01:32","modified_gmt":"2025-11-24T19:01:32","slug":"poolloesungen","status":"publish","type":"page","link":"https:\/\/skawen.ch\/de\/poolloesungen\/","title":{"rendered":"Pooll\u00f6sungen"},"content":{"rendered":"<h4>Skawen Pool HP<\/h4>\n<p data-end=\"345\" data-start=\"186\">Verbessern Sie Ihr Poolklima mit dem Pool-HP Modell \u2014 entwickelt f\u00fcr effiziente Energier\u00fcckgewinnung, automatische Bel\u00fcftung und Entfeuchtung in Schwimmhallen.<\/p>\n<p data-end=\"479\" data-start=\"347\">\ud83c\udf2c\ufe0f <strong data-end=\"385\" data-start=\"351\">Bis zu 90 % W\u00e4rmer\u00fcckgewinnung<\/strong>\ud83d\udd27 <strong data-end=\"424\" data-start=\"391\">Automatischer, leiser Betrieb<\/strong>\ud83d\udca7 <strong data-end=\"479\" data-start=\"430\">Optimale Luftqualit\u00e4t und weniger Chemikalien<\/strong><\/p>\n<p><a href=\"https:\/\/skawen.ch\/de\/skw-pool-hp\/\" target=\"_blank\" style=\"outline: none;\">\u200bMehr erfahren<\/a><\/p>\n<h4>Skawen Compact Pool HP<\/h4>\n<p data-end=\"709\" data-start=\"540\">Der Compact Pool HP bietet dieselbe hohe Leistung wie das gro\u00dfe Modell \u2014 jedoch in einem platzsparenden, kompakten Format. Ideal f\u00fcr private oder kleinere Schwimmhallen.<\/p>\n<p data-end=\"828\" data-start=\"711\">\u26a1 <strong data-end=\"747\" data-start=\"713\">Bis zu 90 % W\u00e4rmer\u00fcckgewinnung<\/strong>\ud83c\udfe0 <strong data-end=\"794\" data-start=\"753\">Perfekt f\u00fcr kleine oder private Pools<\/strong>\ud83d\udd07 <strong data-end=\"828\" data-start=\"800\">Sehr leise &amp; wartungsarm<\/strong><\/p>\n<p><a href=\"https:\/\/skawen.ch\/de\/skw-compact\/\" target=\"_blank\" style=\"outline: none;\">\u200bMehr erfahren<\/a><\/p>\n","protected":false},"excerpt":{"rendered":"<p>Skawen Pool HP Verbessern Sie Ihr Poolklima mit dem Pool-HP Modell \u2014 entwickelt f\u00fcr effiziente Energier\u00fcckgewinnung, automatische Bel\u00fcftung und Entfeuchtung in Schwimmhallen. \ud83c\udf2c\ufe0f Bis zu 90 % W\u00e4rmer\u00fcckgewinnung\ud83d\udd27 Automatischer, leiser Betrieb\ud83d\udca7 Optimale Luftqualit\u00e4t und weniger Chemikalien \u200bMehr erfahren Skawen Compact Pool HP Der Compact Pool HP bietet dieselbe hohe Leistung wie das gro\u00dfe Modell \u2014 [&hellip;]<\/p>\n","protected":false},"author":2,"featured_media":0,"parent":0,"menu_order":0,"comment_status":"closed","ping_status":"closed","template":"","meta":{"footnotes":""},"class_list":["post-63","page","type-page","status-publish","hentry","post-wrapper","thrv_wrapper"],"yoast_head":"<!-- This site is optimized with the Yoast SEO plugin v26.4 - https:\/\/yoast.com\/wordpress\/plugins\/seo\/ -->\n<title>Pooll\u00f6sungen \u2013 Skawen Technologie | europair Schweiz AG<\/title>\n<meta name=\"description\" content=\"Entdecken Sie Skawen Pooll\u00f6sungen f\u00fcr Filtration, Reinigung und Wasseraufbereitung. Beratung &amp; Installation in der gesamten Schweiz.\" \/>\n<meta name=\"robots\" content=\"noindex, follow, max-snippet:-1, max-image-preview:large, max-video-preview:-1\" \/>\n<meta property=\"og:locale\" content=\"de_DE\" \/>\n<meta property=\"og:type\" content=\"article\" \/>\n<meta property=\"og:title\" content=\"Pooll\u00f6sungen \u2013 Skawen Technologie | europair Schweiz AG\" \/>\n<meta property=\"og:description\" content=\"Entdecken Sie Skawen Pooll\u00f6sungen f\u00fcr Filtration, Reinigung und Wasseraufbereitung. Beratung &amp; Installation in der gesamten Schweiz.\" \/>\n<meta property=\"og:url\" content=\"https:\/\/skawen.ch\/de\/poolloesungen\/\" \/>\n<meta property=\"og:site_name\" content=\"Skawen.ch\" \/>\n<meta property=\"article:modified_time\" content=\"2025-11-24T19:01:32+00:00\" \/>\n<meta name=\"twitter:card\" content=\"summary_large_image\" \/>\n<meta name=\"twitter:label1\" content=\"Gesch\u00e4tzte Lesezeit\" \/>\n\t<meta name=\"twitter:data1\" content=\"1\u00a0Minute\" \/>\n<script type=\"application\/ld+json\" class=\"yoast-schema-graph\">{\"@context\":\"https:\/\/schema.org\",\"@graph\":[{\"@type\":\"WebPage\",\"@id\":\"https:\/\/skawen.ch\/de\/poolloesungen\/\",\"url\":\"https:\/\/skawen.ch\/de\/poolloesungen\/\",\"name\":\"Pooll\u00f6sungen \u2013 Skawen Technologie | europair Schweiz AG\",\"isPartOf\":{\"@id\":\"https:\/\/skawen.ch\/de\/#website\"},\"datePublished\":\"2020-05-21T09:19:34+00:00\",\"dateModified\":\"2025-11-24T19:01:32+00:00\",\"description\":\"Entdecken Sie Skawen Pooll\u00f6sungen f\u00fcr Filtration, Reinigung und Wasseraufbereitung. Beratung & Installation in der gesamten Schweiz.\",\"breadcrumb\":{\"@id\":\"https:\/\/skawen.ch\/de\/poolloesungen\/#breadcrumb\"},\"inLanguage\":\"de\",\"potentialAction\":[{\"@type\":\"ReadAction\",\"target\":[\"https:\/\/skawen.ch\/de\/poolloesungen\/\"]}]},{\"@type\":\"BreadcrumbList\",\"@id\":\"https:\/\/skawen.ch\/de\/poolloesungen\/#breadcrumb\",\"itemListElement\":[{\"@type\":\"ListItem\",\"position\":1,\"name\":\"Startseite\",\"item\":\"https:\/\/skawen.ch\/de\/\"},{\"@type\":\"ListItem\",\"position\":2,\"name\":\"Pooll\u00f6sungen\"}]},{\"@type\":\"WebSite\",\"@id\":\"https:\/\/skawen.ch\/de\/#website\",\"url\":\"https:\/\/skawen.ch\/de\/\",\"name\":\"Skawen.ch\",\"description\":\"\",\"potentialAction\":[{\"@type\":\"SearchAction\",\"target\":{\"@type\":\"EntryPoint\",\"urlTemplate\":\"https:\/\/skawen.ch\/de\/?s={search_term_string}\"},\"query-input\":{\"@type\":\"PropertyValueSpecification\",\"valueRequired\":true,\"valueName\":\"search_term_string\"}}],\"inLanguage\":\"de\"}]}<\/script>\n<!-- \/ Yoast SEO plugin. -->","yoast_head_json":{"title":"Pooll\u00f6sungen \u2013 Skawen Technologie | europair Schweiz AG","description":"Entdecken Sie Skawen Pooll\u00f6sungen f\u00fcr Filtration, Reinigung und Wasseraufbereitung. Beratung & Installation in der gesamten Schweiz.","robots":{"index":"noindex","follow":"follow","max-snippet":"max-snippet:-1","max-image-preview":"max-image-preview:large","max-video-preview":"max-video-preview:-1"},"og_locale":"de_DE","og_type":"article","og_title":"Pooll\u00f6sungen \u2013 Skawen Technologie | europair Schweiz AG","og_description":"Entdecken Sie Skawen Pooll\u00f6sungen f\u00fcr Filtration, Reinigung und Wasseraufbereitung. Beratung & Installation in der gesamten Schweiz.","og_url":"https:\/\/skawen.ch\/de\/poolloesungen\/","og_site_name":"Skawen.ch","article_modified_time":"2025-11-24T19:01:32+00:00","twitter_card":"summary_large_image","twitter_misc":{"Gesch\u00e4tzte Lesezeit":"1\u00a0Minute"},"schema":{"@context":"https:\/\/schema.org","@graph":[{"@type":"WebPage","@id":"https:\/\/skawen.ch\/de\/poolloesungen\/","url":"https:\/\/skawen.ch\/de\/poolloesungen\/","name":"Pooll\u00f6sungen \u2013 Skawen Technologie | europair Schweiz AG","isPartOf":{"@id":"https:\/\/skawen.ch\/de\/#website"},"datePublished":"2020-05-21T09:19:34+00:00","dateModified":"2025-11-24T19:01:32+00:00","description":"Entdecken Sie Skawen Pooll\u00f6sungen f\u00fcr Filtration, Reinigung und Wasseraufbereitung. Beratung & Installation in der gesamten Schweiz.","breadcrumb":{"@id":"https:\/\/skawen.ch\/de\/poolloesungen\/#breadcrumb"},"inLanguage":"de","potentialAction":[{"@type":"ReadAction","target":["https:\/\/skawen.ch\/de\/poolloesungen\/"]}]},{"@type":"BreadcrumbList","@id":"https:\/\/skawen.ch\/de\/poolloesungen\/#breadcrumb","itemListElement":[{"@type":"ListItem","position":1,"name":"Startseite","item":"https:\/\/skawen.ch\/de\/"},{"@type":"ListItem","position":2,"name":"Pooll\u00f6sungen"}]},{"@type":"WebSite","@id":"https:\/\/skawen.ch\/de\/#website","url":"https:\/\/skawen.ch\/de\/","name":"Skawen.ch","description":"","potentialAction":[{"@type":"SearchAction","target":{"@type":"EntryPoint","urlTemplate":"https:\/\/skawen.ch\/de\/?s={search_term_string}"},"query-input":{"@type":"PropertyValueSpecification","valueRequired":true,"valueName":"search_term_string"}}],"inLanguage":"de"}]}},"_links":{"self":[{"href":"https:\/\/skawen.ch\/de\/wp-json\/wp\/v2\/pages\/63","targetHints":{"allow":["GET"]}}],"collection":[{"href":"https:\/\/skawen.ch\/de\/wp-json\/wp\/v2\/pages"}],"about":[{"href":"https:\/\/skawen.ch\/de\/wp-json\/wp\/v2\/types\/page"}],"author":[{"embeddable":true,"href":"https:\/\/skawen.ch\/de\/wp-json\/wp\/v2\/users\/2"}],"replies":[{"embeddable":true,"href":"https:\/\/skawen.ch\/de\/wp-json\/wp\/v2\/comments?post=63"}],"version-history":[{"count":7,"href":"https:\/\/skawen.ch\/de\/wp-json\/wp\/v2\/pages\/63\/revisions"}],"predecessor-version":[{"id":258,"href":"https:\/\/skawen.ch\/de\/wp-json\/wp\/v2\/pages\/63\/revisions\/258"}],"wp:attachment":[{"href":"https:\/\/skawen.ch\/de\/wp-json\/wp\/v2\/media?parent=63"}],"curies":[{"name":"wp","href":"https:\/\/api.w.org\/{rel}","templated":true}]}}